{"id":6768,"date":"2020-09-29T14:16:48","date_gmt":"2020-09-29T14:16:48","guid":{"rendered":"https:\/\/www.jso.co.il\/?page_id=6768"},"modified":"2020-09-30T12:19:34","modified_gmt":"2020-09-30T12:19:34","slug":"habanera-from-carmen","status":"publish","type":"page","link":"https:\/\/www.jso.co.il\/en\/habanera-from-carmen\/","title":{"rendered":"&#8216;Habanera&#8217;, from Carmen"},"content":{"rendered":"\n<p><span lang=\"HE\"><b><span style=\"color: #ffffff;\">.<\/span><br \/>Bizet<\/b>: <em>Habanera<\/em>, from\u00a0<strong>Carmen<\/strong><\/span><br \/><span style=\"color: #ffffff;\"><br \/>\/<br \/><\/span>L&#8217;amour est un oiseau rebelle<br \/>Que nul ne peut apprivoise<br \/>Et c&#8217;est bien en vain qu&#8217;on l&#8217;appelle<br \/>S&#8217;il lui convient de refuser<br \/>Rien n&#8217;y fait menace ou pri\u00e8re<br \/>L&#8217;un parle bien l&#8217;autre se tait<br \/>Et c&#8217;est l&#8217;autre que je pr\u00e9f\u00e8re<br \/>Il n&#8217;a rien dit mais il me pla\u00eet<br \/>L&#8217;amour\u2026 L&#8217;amour est un oiseau rebelle<br \/>L&#8217;amour\u2026 Que nul ne peut apprivoiser<br \/>L&#8217;amour\u2026 Et c&#8217;est bien en vain qu&#8217;on l&#8217;appelle<br \/>L&#8217;amour\u2026 S&#8217;il lui convient de refuser<br \/>L&#8217;amour est enfant de boh\u00eame<br \/>Il n&#8217;a jamais, jamais connu de loi<br \/>Si tu ne m&#8217;aimes pas, je t&#8217;aime<br \/>Si je t&#8217;aime prends garde \u00e0 toi<br \/>Prends garde \u00e0 toi<br \/>Si tu ne m&#8217;aimes pas<br \/>Si tu ne m&#8217;aimes pas, je t&#8217;aime<br \/>Prends garde \u00e0 toi<br \/>Mais si je t&#8217;aime, si je t&#8217;aime<br \/>Prends garde \u00e0 toi<br \/>L&#8217;oiseau que tu croyais surprendre<br \/>Battit de l&#8217;aile et s&#8217;envola<br \/>L&#8217;amour est loin tu peux l&#8217;attendre<br \/>Tu ne l&#8217;attends plus il est l\u00e0<br \/>Tout autour de toi vite vite<br \/>Il vient s&#8217;en va puis il revient<br \/>Tu crois le tenir il t&#8217;\u00e9vite<br \/>Tu crois l&#8217;\u00e9viter il te tient<br \/>L&#8217;amour\u2026 Tout autour de toi vite vite<br \/>L&#8217;amour\u2026 Il vient s&#8217;en va puis il revient<br \/>L&#8217;amour\u2026 Tu crois le tenir il t&#8217;\u00e9vite<br \/>L&#8217;amour\u2026 Tu crois l&#8217;\u00e9viter il te tient<br \/>L&#8217;amour est enfant de boh\u00eame<br \/>Il n&#8217;a jamais, jamais connu de loi<br \/>Si tu ne m&#8217;aimes pas, je t&#8217;aime<br \/>Si je t&#8217;aime prends garde \u00e0 toi<br \/>Prends garde \u00e0 toi<br \/>Si tu ne m&#8217;aimes pas<br \/>Si tu ne m&#8217;aimes pas, je t&#8217;aime<br \/>Prends garde \u00e0 toi<br \/>Mais si je t&#8217;aime, si je t&#8217;aime<br \/>Prends garde \u00e0 toi<br \/>L&#8217;amour est enfant de boh\u00eame<br \/>Il n&#8217;a jamais, jamais connu de loi<br \/>Si tu ne m&#8217;aimes pas, je t&#8217;aime<br \/>Si je t&#8217;aime prends garde \u00e0 toi<br \/>Prends garde \u00e0 toi<br \/>Si tu ne m&#8217;aimes pas<br \/>Si tu ne m&#8217;aimes pas, je t&#8217;aime<br \/>Prends garde \u00e0 toi<br \/>Mais si je t&#8217;aime, si je t&#8217;aime<br \/>Prends garde \u00e0 to<br \/><br \/><\/p>\n<h4><span lang=\"HE\"><span class=\"m_-1549604659711759351artistlyricstext\">And this is how it sounds with the JSO:<br \/><span style=\"color: #ffffff;\">.<\/span><\/span><\/span><\/h4>\n\n\n\n<style>.embed-container { position: relative; padding-bottom: 56.25%; height: 0; overflow: hidden; max-width: 100%; } .embed-container iframe, .embed-container object, .embed-container embed { position: absolute; top: 0; left: 0; width: 100%; height: 100%; }<\/style><div class=\"embed-container\"><iframe src=\"https:\/\/www.youtube.com\/embed\/s2g3ppcDUQU\" frameborder=\"0\" allowfullscreen=\"\"><\/iframe><\/div>\n","protected":false},"excerpt":{"rendered":"<p>.Bizet: Habanera, from\u00a0Carmen\/L&#8217;amour est un oiseau rebelleQue nul ne peut apprivoiseEt c&#8217;est bien en vain qu&#8217;on l&#8217;appelleS&#8217;il lui convient de refuserRien n&#8217;y fait menace ou pri\u00e8reL&#8217;un parle bien l&#8217;autre se taitEt c&#8217;est l&#8217;autre que je pr\u00e9f\u00e8reIl n&#8217;a rien dit mais il me pla\u00eetL&#8217;amour\u2026 L&#8217;amour est un oiseau rebelleL&#8217;amour\u2026 Que nul ne peut apprivoiserL&#8217;amour\u2026 Et c&#8217;est [&hellip;]<\/p>\n","protected":false},"author":2,"featured_media":6793,"parent":0,"menu_order":53,"comment_status":"closed","ping_status":"closed","template":"","meta":{"_acf_changed":false,"footnotes":""},"class_list":["post-6768","page","type-page","status-publish","has-post-thumbnail","hentry"],"acf":[],"_links":{"self":[{"href":"https:\/\/www.jso.co.il\/en\/wp-json\/wp\/v2\/pages\/6768","targetHints":{"allow":["GET"]}}],"collection":[{"href":"https:\/\/www.jso.co.il\/en\/wp-json\/wp\/v2\/pages"}],"about":[{"href":"https:\/\/www.jso.co.il\/en\/wp-json\/wp\/v2\/types\/page"}],"author":[{"embeddable":true,"href":"https:\/\/www.jso.co.il\/en\/wp-json\/wp\/v2\/users\/2"}],"replies":[{"embeddable":true,"href":"https:\/\/www.jso.co.il\/en\/wp-json\/wp\/v2\/comments?post=6768"}],"version-history":[{"count":4,"href":"https:\/\/www.jso.co.il\/en\/wp-json\/wp\/v2\/pages\/6768\/revisions"}],"predecessor-version":[{"id":7044,"href":"https:\/\/www.jso.co.il\/en\/wp-json\/wp\/v2\/pages\/6768\/revisions\/7044"}],"wp:featuredmedia":[{"embeddable":true,"href":"https:\/\/www.jso.co.il\/en\/wp-json\/wp\/v2\/media\/6793"}],"wp:attachment":[{"href":"https:\/\/www.jso.co.il\/en\/wp-json\/wp\/v2\/media?parent=6768"}],"curies":[{"name":"wp","href":"https:\/\/api.w.org\/{rel}","templated":true}]}}