{"id":5017,"date":"2020-04-20T16:32:52","date_gmt":"2020-04-20T16:32:52","guid":{"rendered":"https:\/\/www.jso.co.il\/%d7%99%d7%95%d7%a6%d7%90%d7%99%d7%9d-%d7%9c%d7%a7%d7%95%d7%a0%d7%a6%d7%a8%d7%98-%d7%a0%d7%a9%d7%90%d7%a8%d7%99%d7%9d-%d7%91%d7%91%d7%99%d7%aa\/"},"modified":"2020-05-31T07:03:36","modified_gmt":"2020-05-31T07:03:36","slug":"%d7%99%d7%95%d7%a6%d7%90%d7%99%d7%9d-%d7%9c%d7%a7%d7%95%d7%a0%d7%a6%d7%a8%d7%98-%d7%a0%d7%a9%d7%90%d7%a8%d7%99%d7%9d-%d7%91%d7%91%d7%99%d7%aa","status":"publish","type":"page","link":"https:\/\/www.jso.co.il\/en\/%d7%99%d7%95%d7%a6%d7%90%d7%99%d7%9d-%d7%9c%d7%a7%d7%95%d7%a0%d7%a6%d7%a8%d7%98-%d7%a0%d7%a9%d7%90%d7%a8%d7%99%d7%9d-%d7%91%d7%91%d7%99%d7%aa\/","title":{"rendered":"Going to the Concert &#8211; Staying at Home"},"content":{"rendered":"\n<p><strong><u>Home Concert Series<\/u><\/strong><\/p>\n<p><strong>JSO&#8217;s Concerts on Your Computer and Mobile Screens<\/strong><\/p>\n<p><span style=\"color: #ffffff;\"><strong>1<\/strong><\/span><\/p>\n<p><strong>Look us up on <a href=\"https:\/\/www.youtube.com\/user\/jerusalemsymphony\">YouTube<\/a> and <a href=\"https:\/\/www.facebook.com\/Jerusalem.Symphony.Orchestra\">Facebook<\/a>:<\/strong><\/p>\n<p><strong><span style=\"color: #ffffff;\">1&#8243;<br \/><\/span>Jerusalem Symphony Orchestra<br \/><span style=\"color: #ffffff;\">1<\/span><\/strong><\/p>\n<hr \/>\n<p><strong><span style=\"text-decoration: underline;\">Home #1<\/span> <br \/><\/strong><strong>A Special Concert Commemorating 70 Years to the Rescue of Denmark Jewry<br \/>Wednesday 22.4.20<br \/><span style=\"color: #ffffff;\">1<\/span><br \/><\/strong><strong>Berlioz<\/strong>&#8216; <strong>Symphonie Fantastique<br \/><span style=\"color: #ffffff;\">1<\/span><br \/><\/strong><strong>Fr\u00e9d\u00e9ric Chaslin<\/strong>, conductor<br \/><span style=\"color: #ffffff;\"><strong>1<\/strong><\/span><\/p>\n<hr \/>\n<p><strong><span style=\"color: #ffffff;\">1<\/span><br \/>Home #2<br \/><\/strong><strong>Independence Day Concert with Arthur Rubinstein <br \/>Tuesday 28.4.20 at 21:30\u00a0\u00a0\u00a0\u00a0\u00a0\u00a0\u00a0\u00a0\u00a0 <\/strong><\/p>\n<p><strong><span style=\"color: #ffffff;\">1<\/span><br \/>Fr\u00e9d\u00e9ric Chaslin<\/strong>, conductor<\/p>\n<p><strong><span style=\"color: #ffffff;\">1<\/span><br \/>Assaf Shatil \u00a0&#8211; Open, Closed, Open<\/strong><\/p>\n<p><span style=\"color: #ffffff;\"><strong>1<\/strong><\/span><\/p>\n<p><strong>Beethoven &#8211; Piano Concerto<\/strong> No. 5, in E-flat Major, <strong>Emperor<br \/><span style=\"color: #ffffff;\">1<br \/><\/span><\/strong><strong>Alexander Schneider<\/strong>, conductor<br \/><strong>Arthur Rubinstein<\/strong>, piano<br \/><span style=\"color: #ffffff;\"><strong>1<\/strong><\/span><\/p>\n<p><span style=\"color: #ffffff;\"><strong>1<\/strong><\/span><\/p>\n<hr \/>\n<p><strong>H<\/strong><strong><span style=\"text-decoration: underline;\">ome #3<\/span><br \/><\/strong><strong>Mahler&#8217;s <em>Des Knaben <\/em>Wunderhorn<br \/><\/strong><strong>Wednesday 6.5.20<\/strong><\/p>\n<p><strong><span style=\"color: #ffffff;\">1<\/span><br \/>Fr\u00e9d\u00e9ric Chaslin<\/strong>, conductor<br \/><strong>Michal Doron<\/strong>, mezzo-soprano<br \/><strong>Liviu Holender<\/strong>, baritone<br \/><span style=\"color: #ffffff;\"><strong>1<\/strong><\/span><\/p>\n<p><span style=\"color: #ffffff;\"><strong>1<\/strong><\/span><\/p>\n<hr \/>\n<p><span style=\"text-decoration: underline;\"><strong>Home #4 <br \/><\/strong><\/span><strong>Mozart&#8217;s Piano Concerto in A Major, No. 23 <br \/>Wednesday 13.5.20<br \/><span style=\"color: #ffffff;\">1<\/span><br \/><\/strong><\/p>\n<p><strong>Mozart <\/strong>&#8211; Piano Concerto in A Major, No. 23, K.488<br \/><strong>Sibelius -Valse Triste<br \/><span style=\"color: #ffffff;\">1<br \/><\/span><\/strong><strong>Fr\u00e9d\u00e9ric Chaslin<\/strong>, conductor and soloist (piano)<br \/><span style=\"color: #ffffff;\"><strong>1<\/strong><\/span><\/p>\n<hr \/>\n<p><span style=\"color: #ffffff;\"><strong>1<\/strong><\/span><\/p>\n<p><strong><span style=\"text-decoration: underline;\">Home #5<\/span><br \/><\/strong><strong>Isaac Stern in Jerusalem<br \/><\/strong><strong>The Inauguration Concert of Henry Crown Hall<br \/>Thursday 21.5.20<br \/><span style=\"color: #ffffff;\">1<br \/><\/span><\/strong><strong>Mendelssohn <\/strong>&#8211; Violin Concerto<br \/><strong><span style=\"color: #ffffff;\">1<\/span><br \/>Gary Bertini<\/strong>, conductor<br \/><strong>Isaac Stern<\/strong>, violin<br \/><span style=\"color: #ffffff;\"><strong>1<\/strong><\/span><\/p>\n<p><span style=\"color: #ffffff;\"><strong>1<\/strong><\/span><\/p>\n<hr \/>\n<p><strong><span style=\"text-decoration: underline;\">Home #6<\/span> <br \/><\/strong><strong>Special Concert for Shavuot: <em>Israel in Egypt<\/em> in Egypt<br \/><\/strong><strong>Handel&#8217;s Oratorio in a Special Performance at the Red Sea<br \/>Wednesday 27.5.20<br \/><span style=\"color: #ffffff;\">1<\/span><br \/><\/strong><\/p>\n<p><strong>Handel <\/strong>&#8211; <strong>Israel in Egypt<br \/><\/strong><\/p>\n<p><strong><span style=\"color: #ffffff;\">1<\/span><br \/>John Currie<\/strong>, conductor<br \/><strong>Irene Drummond<\/strong>, <strong>Llyndall Trotman<\/strong>, sopranos<br \/><strong>Christine Cairns<\/strong>, contra alto<br \/><strong>Stuart Patterson<\/strong>, tenor<br \/><strong>John Hearne<\/strong>, <strong>Stephen Roberts<\/strong>, bass <span style=\"color: #ffffff;\"><strong>1<\/strong><\/span><\/p>\n<p><strong>Edinburgh Festival Chorus <br \/><\/strong><\/p>\n<p><strong><span style=\"color: #ffffff;\">1<\/span><br \/>Scottish National Orchestra Chorus<br \/><span style=\"color: #ffffff;\">1<\/span><br \/><\/strong><\/p>\n<hr \/>\n<p><strong><span style=\"text-decoration: underline;\"><span style=\"color: #ffffff;\">1<\/span><br \/>Home #7<\/span><br \/><\/strong><strong>Brahms&#8217; Symphony No. 1<br \/>Wednesday 3.6.20<\/strong><\/p>\n<p><strong><span style=\"color: #ffffff;\">1<\/span><br \/>Brahms &#8211; Symphony No. 1<br \/><span style=\"color: #ffffff;\">1<\/span><br \/><\/strong><\/p>\n<p><strong>Fr\u00e9d\u00e9ric Chaslin<\/strong>, conductor<br \/><span style=\"color: #ffffff;\"><strong>1<\/strong><\/span><\/p>\n<p><span style=\"color: #ffffff;\"><strong>1<\/strong><\/span><\/p>\n<hr \/>\n<p><strong><span style=\"text-decoration: underline;\">Home #8<\/span><br \/><\/strong><strong>Mahler&#8217;s Second Symphony<br \/>Wednesday 10.6.20<\/strong><\/p>\n<p><strong><span style=\"color: #ffffff;\">1<\/span><br \/>Mahler &#8211; <\/strong>Symphony No. 2 in c minor, <strong><em>Resurrection<br \/><span style=\"color: #ffffff;\">1<\/span><br \/><\/em><\/strong><\/p>\n<p><strong>Fr\u00e9d\u00e9ric Chaslin<\/strong>, conductor<br \/><strong>Anastasia Klevan<\/strong>, soprano<br \/><strong>Anat Czarny<\/strong>, mezzo-soprano<br \/><span style=\"color: #ffffff;\"><strong>1<\/strong><\/span><br \/><strong>The Ramat Gan Chamber Choir<br \/>Hannah Zur<\/strong>,\u00a0conductor<br \/><span style=\"color: #ffffff;\"><strong>1<\/strong><\/span><br \/><strong>The Israel Kibbutz Choir<br \/>Yuval Ben-Ozer<\/strong>, conductor<br \/><span style=\"color: #ffffff;\"><strong>1<\/strong><\/span><\/p>\n<p><span style=\"color: #ffffff;\"><strong>1<\/strong><\/span><\/p>\n<hr \/>\n<p><strong><u>Home #9<br \/><\/u><\/strong><strong>Mahler&#8217;s Third Symphony<br \/>Wednesday 17.6.20<\/strong><\/p>\n<p><strong><span style=\"color: #ffffff;\">1<\/span><br \/>Mahler <\/strong>&#8211; Symphony No. 3 in d minor<\/p>\n<p><strong><span style=\"color: #ffffff;\">1<\/span><br \/>Fr\u00e9d\u00e9ric Chaslin<\/strong>, conductor <br \/><span style=\"color: #ffffff;\"><strong>1<\/strong><\/span><\/p>\n<p><strong>The Israel Kibbutz Choir<br \/><\/strong><strong>Yuval Ben-Ozer<\/strong>, conductor<br \/><span style=\"color: #ffffff;\"><strong>1<\/strong><\/span><\/p>\n<p><strong>The Ma&#8217;ayan Choir, the official choir of Tel Aviv-Yafo, Culture and Art department<br \/><\/strong><strong>Anat Morahg<\/strong>, conductor<span style=\"color: #ffffff;\"><strong>1<\/strong><\/span><\/p>\n<p><strong>The Joshua Tuttnauer Ankor Choir of the Jerusalem Academy of Music and Dance<br \/><\/strong><strong>Dafna Ben-Yohanan<\/strong>, conductor<br \/><span style=\"color: #ffffff;\"><strong>1<\/strong><\/span><\/p>\n<hr \/>\n<p><strong><u><span style=\"color: #ffffff;\">1<\/span><br \/>Home #10<\/u><\/strong><\/p>\n<p><strong>Series Finale: Beethoven&#8217;s Ninth Symphony<br \/>Wednesday 23.6.20<br \/><span style=\"color: #ffffff;\">1<\/span><br \/><\/strong><\/p>\n<p><strong>Beethoven &#8211; Symphony No. 9 in d minor, Op. 125, <em>Choral<br \/><span style=\"color: #ffffff;\">1<\/span><br \/><\/em><\/strong><\/p>\n<p><strong>Fr\u00e9d\u00e9ric Chaslin<\/strong>, conductor<br \/><strong>Olga Senderskaya<\/strong>, soprano<br \/><strong>Zlata Khershberg<\/strong>, mezzo-soprano<br \/><strong>J\u00f6rg D\u00fcrm\u00fcller<\/strong>, tenor<br \/><strong>Vladimir Braun, <\/strong>bass-baritone<\/p>\n<p><strong><span style=\"color: #ffffff;\">1<\/span><br \/>Monteverdi-Chor Hamburg\u00a0 <br \/><\/strong><strong>Gothart Stier<\/strong>, conductor <br \/><br \/><\/p>\n<p><strong><span style=\"color: #ffffff;\">1<\/span><br \/>The Jerusalem Oratorio Chamber Choir <br \/><\/strong><strong>Kate\u00a0Belsh\u00e9<\/strong>, conductor <br \/><br \/><\/p>\n<p style=\"text-align: center;\"><strong>Going to the Concert \u2013 Staying at Home<\/strong><\/p>\n","protected":false},"excerpt":{"rendered":"<p>Home Concert Series JSO&#8217;s Concerts on Your Computer and Mobile Screens 1 Look us up on YouTube and Facebook: 1&#8243;Jerusalem Symphony Orchestra1 Home #1 A Special Concert Commemorating 70 Years to the Rescue of Denmark JewryWednesday 22.4.201Berlioz&#8216; Symphonie Fantastique1Fr\u00e9d\u00e9ric Chaslin, conductor1 1Home #2Independence Day Concert with Arthur Rubinstein Tuesday 28.4.20 at 21:30\u00a0\u00a0\u00a0\u00a0\u00a0\u00a0\u00a0\u00a0\u00a0 1Fr\u00e9d\u00e9ric Chaslin, conductor [&hellip;]<\/p>\n","protected":false},"author":2,"featured_media":5052,"parent":0,"menu_order":63,"comment_status":"closed","ping_status":"closed","template":"","meta":{"_acf_changed":false,"footnotes":""},"class_list":["post-5017","page","type-page","status-publish","has-post-thumbnail","hentry"],"acf":[],"_links":{"self":[{"href":"https:\/\/www.jso.co.il\/en\/wp-json\/wp\/v2\/pages\/5017","targetHints":{"allow":["GET"]}}],"collection":[{"href":"https:\/\/www.jso.co.il\/en\/wp-json\/wp\/v2\/pages"}],"about":[{"href":"https:\/\/www.jso.co.il\/en\/wp-json\/wp\/v2\/types\/page"}],"author":[{"embeddable":true,"href":"https:\/\/www.jso.co.il\/en\/wp-json\/wp\/v2\/users\/2"}],"replies":[{"embeddable":true,"href":"https:\/\/www.jso.co.il\/en\/wp-json\/wp\/v2\/comments?post=5017"}],"version-history":[{"count":10,"href":"https:\/\/www.jso.co.il\/en\/wp-json\/wp\/v2\/pages\/5017\/revisions"}],"predecessor-version":[{"id":5248,"href":"https:\/\/www.jso.co.il\/en\/wp-json\/wp\/v2\/pages\/5017\/revisions\/5248"}],"wp:featuredmedia":[{"embeddable":true,"href":"https:\/\/www.jso.co.il\/en\/wp-json\/wp\/v2\/media\/5052"}],"wp:attachment":[{"href":"https:\/\/www.jso.co.il\/en\/wp-json\/wp\/v2\/media?parent=5017"}],"curies":[{"name":"wp","href":"https:\/\/api.w.org\/{rel}","templated":true}]}}